{"id":4901,"date":"2020-02-06T17:39:15","date_gmt":"2020-02-06T22:39:15","guid":{"rendered":"http:\/\/www.trantrungdao.com\/?page_id=4901"},"modified":"2023-05-02T14:00:02","modified_gmt":"2023-05-02T19:00:02","slug":"hat","status":"publish","type":"page","link":"https:\/\/www.trantrungdao.com\/?page_id=4901","title":{"rendered":"Tr\u1ea7n Trung \u0110\u1ea1o \u0111\u00e0n &#038; h\u00e1t"},"content":{"rendered":"\n<p><\/p>\n\n\n\n<p><br>[audiotrack title=&#8221;M\u1ed9t Ng\u00e0y Sau Chi\u1ebfn Tranh&#8221; songwriter=&#8221;Nguy\u1ec5n \u0110\u00ecnh To\u00e0n&#8221; mp3=&#8221;http:\/\/trantrungdao.com\/wp-content\/uploads\/2023\/05\/motngaysauchientranh-ndt-ttd-v2.mp3&#8243;]<br><br>[audiotrack title=&#8221;S\u00e0i G\u00f2n Ni\u1ec1m Nh\u1edb Kh\u00f4ng T\u00ean&#8221; songwriter=&#8221;Nguy\u1ec5n \u0110\u00ecnh To\u00e0n&#8221; mp3=&#8221;http:\/\/trantrungdao.com\/wp-content\/uploads\/2023\/05\/saigonniemnhokhongten42023.mp3&#8243;]<br><br>[audiotrack title=&#8221;Em C\u00f2n Y\u00eau Anh&#8221; songwriter=&#8221;Nguy\u1ec5n \u0110\u00ecnh To\u00e0n&#8221; mp3=&#8221;http:\/\/trantrungdao.com\/wp-content\/uploads\/2023\/05\/emconyeuanh-2023.mp3&#8243;]<br><br>[audiotrack title=&#8221;C\u0103n Nh\u00e0 X\u01b0a&#8221; songwriter=&#8221;Nguy\u1ec5n \u0110\u00ecnh To\u00e0n&#8221; mp3=&#8221;http:\/\/trantrungdao.com\/wp-content\/uploads\/2023\/05\/cannhaxua2023.mp3&#8243;]<br><br>[audiotrack title=&#8221;N\u1ebfu Mai Ng\u00e0y&#8221; songwriter=&#8221;Nguy\u1ec5n \u0110\u00ecnh To\u00e0n&#8221; mp3=&#8221;http:\/\/trantrungdao.com\/wp-content\/uploads\/2023\/05\/neumaingay-v4.mp3&#8243;]<\/p>\n","protected":false},"excerpt":{"rendered":"<p>[audiotrack title=&#8221;M\u1ed9t Ng\u00e0y Sau Chi\u1ebfn Tranh&#8221; songwriter=&#8221;Nguy\u1ec5n \u0110\u00ecnh To\u00e0n&#8221; mp3=&#8221;http:\/\/trantrungdao.com\/wp-content\/uploads\/2023\/05\/motngaysauchientranh-ndt-ttd-v2.mp3&#8243;] [audiotrack title=&#8221;S\u00e0i G\u00f2n Ni\u1ec1m Nh\u1edb Kh\u00f4ng T\u00ean&#8221; songwriter=&#8221;Nguy\u1ec5n \u0110\u00ecnh To\u00e0n&#8221;<\/p>\n","protected":false},"author":1,"featured_media":6103,"parent":0,"menu_order":0,"comment_status":"closed","ping_status":"closed","template":"","meta":{"colormag_page_layout":"default_layout","footnotes":""},"class_list":["post-4901","page","type-page","status-publish","has-post-thumbnail","hentry"],"_links":{"self":[{"href":"https:\/\/www.trantrungdao.com\/index.php?rest_route=\/wp\/v2\/pages\/4901","targetHints":{"allow":["GET"]}}],"collection":[{"href":"https:\/\/www.trantrungdao.com\/index.php?rest_route=\/wp\/v2\/pages"}],"about":[{"href":"https:\/\/www.trantrungdao.com\/index.php?rest_route=\/wp\/v2\/types\/page"}],"author":[{"embeddable":true,"href":"https:\/\/www.trantrungdao.com\/index.php?rest_route=\/wp\/v2\/users\/1"}],"replies":[{"embeddable":true,"href":"https:\/\/www.trantrungdao.com\/index.php?rest_route=%2Fwp%2Fv2%2Fcomments&post=4901"}],"version-history":[{"count":44,"href":"https:\/\/www.trantrungdao.com\/index.php?rest_route=\/wp\/v2\/pages\/4901\/revisions"}],"predecessor-version":[{"id":6114,"href":"https:\/\/www.trantrungdao.com\/index.php?rest_route=\/wp\/v2\/pages\/4901\/revisions\/6114"}],"wp:featuredmedia":[{"embeddable":true,"href":"https:\/\/www.trantrungdao.com\/index.php?rest_route=\/wp\/v2\/media\/6103"}],"wp:attachment":[{"href":"https:\/\/www.trantrungdao.com\/index.php?rest_route=%2Fwp%2Fv2%2Fmedia&parent=4901"}],"curies":[{"name":"wp","href":"https:\/\/api.w.org\/{rel}","templated":true}]}}