{"id":4843,"date":"2020-02-06T08:36:42","date_gmt":"2020-02-06T13:36:42","guid":{"rendered":"http:\/\/www.trantrungdao.com\/?page_id=4843"},"modified":"2021-04-30T22:31:10","modified_gmt":"2021-05-01T03:31:10","slug":"video-2","status":"publish","type":"page","link":"https:\/\/www.trantrungdao.com\/?page_id=4843","title":{"rendered":"Video Ch\u00ednh Lu\u1eadn"},"content":{"rendered":"\n<p><\/p>\n\n\n\n<p> <strong>Video Ch\u00ednh Lu\u1eadn do Vinna Media Production th\u1ef1c hi\u1ec7n<\/strong><br>YOUTUBE:  <br><br> 1. <a rel=\"noreferrer noopener\" href=\"https:\/\/www.youtube.com\/watch?v=MWABlL53whY&amp;t=13s&amp;fbclid=IwAR1SSyYoGpKOcPdYHoIJ7hmO4XcG5ziax2kuTsJU6I1WyeY_0hdWpx2QqQk\" target=\"_blank\">H\u00e3y L\u00e0m M\u1ed9t Gi\u1ecdt N\u01b0\u1edbc<\/a><br> 2: <a rel=\"noreferrer noopener\" href=\"https:\/\/www.youtube.com\/watch?v=nz8t8w5rSfc&amp;&amp;fbclid=IwAR0q-8kStxXD1bvNay9cAnx0UgaVV677feNYPGk0LajBw_N-yjcDn36Iq9A\" target=\"_blank\">Suy Ngh\u0129 B\u00ean \u0110\u00e8n \u0110\u1ecf \u1ede NARA<\/a><br> 3: <a rel=\"noreferrer noopener\" href=\"https:\/\/www.youtube.com\/watch?v=sgAdP3rCY1k&amp;t=63s&amp;fbclid=IwAR2tDjYUYdG46B1K1mUljHF6FKFw8pAgRvvKpWZDBIcPjxArl1pHQpVtg4k\" target=\"_blank\">Chuy\u1ec7n T\u1eeb V\u00f9ng Bi\u00ean Gi\u1edbi B\u1eafc H\u00e0n<\/a><br> 4: <a rel=\"noreferrer noopener\" href=\"https:\/\/l.facebook.com\/l.php?u=https%3A%2F%2Fwww.youtube.com%2Fwatch%3Fv%3D88_ebgSBIa4%26fbclid%3DIwAR01NcjcFkTyWblnsNF19WVzRQeQKABTBtBHdcV7jl3FdIid299H6leh7DE&amp;h=AT0eVxW-UQ07JAa3kLcCRZeP4zHa7fQBLaqdKH5vip7SLdwdKwo3Mh1-8agjeVoGDOU3i0Cn36uOJPB39t4cPB3VD-z8v-1DD2Sne6Fj2Q28Rf6aNCBOxgs9wN19udQBvcD9cQ\" target=\"_blank\">T\u00e2m L\u00fd Ph\u1ea3n Chi\u1ebfn<\/a><br> 5: <a rel=\"noreferrer noopener\" href=\"https:\/\/www.youtube.com\/watch?v=8Zj6lRfRzCs&amp;t=90s&amp;fbclid=IwAR2CpgS-INZbBKAqvLAZ2rppsessfV1h4xYimaFbGcywCF_A8-WGz0hnywU\" target=\"_blank\">Cu\u1ed9c \u0110\u1ea5u Tranh N\u00e0y<\/a><br> 6<a rel=\"noreferrer noopener\" href=\"https:\/\/www.youtube.com\/watch?v=hTIYyavv1as&amp;t=205s&amp;fbclid=IwAR3ZJ_IWli0yCr1AFMeawoaRIUPshgSIR5zSZGjEIUl9Fxm18eDiPKQ1zB0\" target=\"_blank\">: \u0110\u1eebng Tr\u00e1ch D\u00f2ng S\u00f4ng Kh\u00f4ng Ch\u1ea3y<\/a><br> 7: <a rel=\"noreferrer noopener\" href=\"https:\/\/www.youtube.com\/watch?v=IQnNsk1hoKc&amp;fbclid=IwAR3S_DPEntnfzF3719pQBxYyt13LYwg55fa5oZ3Xe1u5pEMKmIKhoFwASvo\" target=\"_blank\">Con \u0110\u01b0\u1eddng Ch\u00ednh S\u1eed<\/a><br> 8: <a rel=\"noreferrer noopener\" href=\"https:\/\/www.youtube.com\/watch?v=S5XfVsxQIMc&amp;fbclid=IwAR2B_1E2aHg2FGexut2a1NBbficabMTB66b4hQADdc1viGqyktFazJMlIe8\" target=\"_blank\">Ngu\u1ed3n G\u1ed1c CS C\u1ee7a Ng\u00e0y Nh\u00e0 Gi\u00e1o Vi\u1ec7t Nam<\/a><br> 9: <a rel=\"noreferrer noopener\" href=\"https:\/\/www.youtube.com\/watch?v=zMvRNtAWOi0&amp;fbclid=IwAR2B_dxXs6SwlYeDy9yVBS-6viZ6n-O_FkYzdLVtposcE9alHb63mT6C4vI\" target=\"_blank\">Th\u00e0nh Ph\u1ea7n Ph\u00ean D\u1eadu<\/a><br> 10: <a rel=\"noreferrer noopener\" href=\"https:\/\/www.youtube.com\/watch?v=xkHTQS4EgO0&amp;fbclid=IwAR04NEL5XZP8u9VG19c92XkIGTzk1bTY5mo1HYGWSYPYcCOlhvVGfBxKf_Y\" target=\"_blank\">T\u1eeb T\u00f4 \u0110\u1ecbnh \u0110\u1ebfn Nguy\u1ec5n Ph\u00fa Tr\u1ecdng N\u0103m 43 Trong L\u1ecbch S\u1eed <\/a><br> 11: <a rel=\"noreferrer noopener\" href=\"https:\/\/www.youtube.com\/watch?v=b0JaUayhc6U&amp;fbclid=IwAR0lgPzGUX6MCHrb-_teYzGT9MZhJ8FC9YII_J-w4xQ1nPXEDZcov824SE0\" target=\"_blank\">Ti\u1ebfng H\u00e1t L\u1ed9c V\u00e0ng<\/a><br> 12:  <a rel=\"noreferrer noopener\" href=\"https:\/\/www.youtube.com\/watch?v=SLls-9GwZug&amp;fbclid=IwAR2aJlfIhLTvzUB8foR7j3QFYdGg8ZLnpSe42H4APgOzQERE76zdxSdFA30\" target=\"_blank\">Bu\u1ed5i S\u00e1ng \u1ede Lion Plaza, San Jose  <\/a><br>13: <a rel=\"noreferrer noopener\" href=\"https:\/\/www.youtube.com\/watch?v=Lze5W8g_2jM&amp;fbclid=IwAR1mMDkfqEtcZO6Q6ssNWlGJ8yhPDFDKysU4W2X6i_LCVdF9HW1rOFyDIgQ\" target=\"_blank\">Cu\u1ed9c \u0110\u1ea5u Tranh N\u00e0y L\u00e0 C\u1ee7a Ng\u01b0\u1eddi Vi\u1ec7t Nam! <\/a><br>14:  <a rel=\"noreferrer noopener\" href=\"https:\/\/www.youtube.com\/watch?v=VBaja1VJVh0&amp;fbclid=IwAR18U9ktC9bpoTScuowfRWpCEmJI1ZBM4DFxu7KFTOwAGToqnNztOGTWTL8\" target=\"_blank\">Di\u1ec5n Ti\u1ebfn Ng\u00e0y Cu\u1ed1i C\u00f9ng C\u1ee7a Ch\u1ebf \u0110\u1ed9 Cs Li\u00ean S\u00f4, 25 Th\u00e1ng 12, 1991 <\/a><br>15:  <a rel=\"noreferrer noopener\" href=\"https:\/\/www.youtube.com\/watch?v=EwqP-_7S7CM&amp;fbclid=IwAR0qCv72xyk1uccMsdr7NPAy3ZWI9-iRd_fjBsMA0TcquWndRFwvlgRg_mg\" target=\"_blank\">S\u00e1u L\u00fd Do Gi\u00fap Ch\u1ebf \u0110\u1ed9 Cs T\u1ed3n T\u1ea1i <\/a><br>16: <a rel=\"noreferrer noopener\" href=\"https:\/\/l.facebook.com\/l.php?u=https%3A%2F%2Fwww.youtube.com%2Fwatch%3Fv%3D8OTBK0ceRmk%26%26fbclid%3DIwAR3H9LMnycfXV2UnIt8ciN2AoZArrlyHQT_YDJQaI-B8o3c2Y_9tqXwSfPk&amp;h=AT0ASkEVim838TPuhrrVbi-UzJV6ENLPzY7yN-6ADNQr_rTQfjzLY9Lu2eCxgszH8VaBgFvp0N0906d5mMaKl5JrpuS-D2o-FbkEJOSM6MSHHXEty38QvV1JjXYHbQI7ivfm-g\" target=\"_blank\">Khi B\u00e0i H\u00e1t Tr\u1edf V\u1ec1 <\/a><br>17: <a rel=\"noreferrer noopener\" href=\"https:\/\/l.facebook.com\/l.php?u=https%3A%2F%2Fyoutu.be%2FSL5l7-j8-84%3Ffbclid%3DIwAR3kOIORkTl-BlEzM3Sp3RybHIrXu_zv0joEVvjmvmbUO-z9A2Draxis8Sc&amp;h=AT215u4x9-xnMkMlnZMpMM0f0aA12Xrkfe_6P8FTU52FcjHjYl2sRMAJMjZlsWdIkVQhZSyGkqkEbdAcfK1rwy8bJxwyrwtE5_R8oPocvsiVBeNgc-NVNGhy5NUuD8zOPLhuIQ\" target=\"_blank\">Vi\u1ec7t Nam, M\u1ed9t Th\u1eddi Th\u1eeba M\u00e1u<\/a><br>18: <a rel=\"noreferrer noopener\" href=\"https:\/\/youtu.be\/a_WHXVbqWSg?fbclid=IwAR2-G6W2J_poKgkeChEOE4YNA8goDmrW99IgsmHBU0Zq17PHKcPAXEpDlrk\" target=\"_blank\">Vai Tr\u00f2 Mao Tr\u1ea1ch \u0110\u00f4ng Trong Chi\u1ebfn D\u1ecbch Ti\u1ebfn Chi\u1ebfm Ho\u00e0ng Sa<\/a><br>19: <a rel=\"noreferrer noopener\" href=\"https:\/\/youtu.be\/pPcK2XesmBU?fbclid=IwAR2QhJJ7i5aJcdcR_tFdHZiqL2rCoSnPRslihyFf5XGhOLEGuULwRvQIWhU\" target=\"_blank\">N\u1ed7i \u0110au S\u1ebd Kh\u00f4ng D\u1ee9t N\u1ebfu Kh\u00f4ng Bi\u1ebft T\u1ea1i Sao \u0110au<\/a><br><a href=\"https:\/\/www.facebook.com\/VinnaMedia\/?__xts__%5B0%5D=68.ARDKHwLAbJ05rtLP6FZ0p35CpdIvvfqRpA81woLYcXSv29Q5qbWd2ZWgm3lSYhIBYeqfDTJJWojzKucd5gdYS3recm0Lw_E7G7tbjXCfu6XzoNg1qH33LIGhEfZWTVL3XiwgGDVKIfrSoL6ph_j1liokaQACOaa67_4lI_uUFwdRNwvai4HSB1hCqx92oTxHjxZC-MqQaAyIsYs-S4yT9xr0IklfE4DcfT2AARIdCY_2WhaSww&amp;eid=ARDaOPj2S2ipG0UTZlDJfwk3ZXKK-CL0emt_KsaJrxyoBMB4xpgvo43Pkaloqbftn2jBKwFi4LU6muFS\"><\/a><br>FACEBOOK: <br>(Login v\u00e0o FB tr\u01b0\u1edbc) <br><br> 1 : <a href=\"https:\/\/www.facebook.com\/trantrungdao\/videos\/2145430175480957\/\">H\u00e3y L\u00e0m M\u1ed9t Gi\u1ecdt N\u01b0\u1edbc <\/a><br> 2 : <a href=\"https:\/\/www.facebook.com\/trantrungdao\/videos\/2153360724687902\/\">Suy Ngh\u0129 B\u00ean \u0110\u00e8n \u0110\u1ecf \u1ede NARA<\/a> <br> 3 : <a href=\"https:\/\/www.facebook.com\/trantrungdao\/videos\/2162070973816877\/\">Chuy\u1ec7n T\u1eeb V\u00f9ng Bi\u00ean Gi\u1edbi B\u1eafc H\u00e0n<\/a> <br> 4 : <a href=\"https:\/\/www.facebook.com\/trantrungdao\/videos\/2166888723335102\/\">T\u00e2m L\u00fd Ph\u1ea3n Chi\u1ebfn<\/a> <br> 5 : <a href=\"https:\/\/www.facebook.com\/trantrungdao\/videos\/2171633829527258\/\">Cu\u1ed9c \u0110\u1ea5u Tranh N\u00e0y<\/a> <br> 6 <a href=\"https:\/\/www.facebook.com\/trantrungdao\/videos\/2176376025719705\/\">: \u0110\u1eebng Tr\u00e1ch D\u00f2ng S\u00f4ng Kh\u00f4ng Ch\u1ea3y<\/a> <br> 7 : <a href=\"https:\/\/www.facebook.com\/trantrungdao\/videos\/2187282811295693\/\">Con \u0110\u01b0\u1eddng Ch\u00ednh S\u1eed<\/a> <br> 8 : <a href=\"https:\/\/www.facebook.com\/trantrungdao\/videos\/2199228476767793\/\">Ngu\u1ed3n G\u1ed1c CS C\u1ee7a Ng\u00e0y Nh\u00e0 Gi\u00e1o Vi\u1ec7t Nam<\/a> <br> 9 : <a href=\"https:\/\/www.facebook.com\/trantrungdao\/videos\/2209091712448136\/\">Th\u00e0nh Ph\u1ea7n Ph\u00ean D\u1eadu<\/a> <br> 10 : <a href=\"https:\/\/www.facebook.com\/trantrungdao\/videos\/2218793954811245\/\">T\u1eeb T\u00f4 \u0110\u1ecbnh \u0110\u1ebfn Nguy\u1ec5n Ph\u00fa Tr\u1ecdng N\u0103m 43 Trong L\u1ecbch S\u1eed <\/a><br> 11: <a href=\"https:\/\/www.facebook.com\/trantrungdao\/videos\/2228924273798213\/\">Ti\u1ebfng H\u00e1t L\u1ed9c V\u00e0ng<\/a><br>12:  <a href=\"https:\/\/www.facebook.com\/trantrungdao\/videos\/2239485322742108\/\">Bu\u1ed5i S\u00e1ng \u1ede Lion Plaza, San Jose <\/a><br>13: <a href=\"https:\/\/www.facebook.com\/trantrungdao\/videos\/2261224740568166\/\">Cu\u1ed9c \u0110\u1ea5u Tranh N\u00e0y L\u00e0 C\u1ee7a Ng\u01b0\u1eddi Vi\u1ec7t Nam!<\/a><br>14:  <a href=\"https:\/\/www.facebook.com\/trantrungdao\/videos\/2264013226955984\/\">Di\u1ec5n Ti\u1ebfn Ng\u00e0y Cu\u1ed1i C\u00f9ng C\u1ee7a Ch\u1ebf \u0110\u1ed9 Cs Li\u00ean S\u00f4, 25 Th\u00e1ng 12, 1991<\/a><br>15:  <a href=\"https:\/\/www.facebook.com\/trantrungdao\/videos\/2279018102122163\/\">S\u00e1u L\u00fd Do Gi\u00fap Ch\u1ebf \u0110\u1ed9 Cs T\u1ed3n T\u1ea1i<\/a><br>16: <a href=\"https:\/\/www.facebook.com\/trantrungdao\/videos\/2291166680907305\/\">Khi B\u00e0i H\u00e1t Tr\u1edf V\u1ec1<\/a><br>17:  <a href=\"https:\/\/www.facebook.com\/trantrungdao\/videos\/2303919419632031\/\">Vi\u1ec7t Nam M\u1ed9t Th\u1eddi Th\u1eeba M\u00e1u<\/a>  <br>18: <a href=\"https:\/\/www.facebook.com\/trantrungdao\/videos\/2304582466232393\/\">Vai Tr\u00f2 Mao Tr\u1ea1ch \u0110\u00f4ng Trong Chi\u1ebfn D\u1ecbch Ti\u1ebfn Chi\u1ebfm Ho\u00e0ng Sa<\/a><br>19:  <a href=\"https:\/\/www.facebook.com\/trantrungdao\/videos\/2312212518802721\/\">N\u1ed7i \u0110au S\u1ebd Kh\u00f4ng D\u1ee9t N\u1ebfu Kh\u00f4ng Bi\u1ebft T\u1ea1i Sao \u0110au<\/a> <br>20: <a href=\"https:\/\/www.facebook.com\/trantrungdao\/videos\/2323169471040359\/\">Ng\u00e0y T\u1ebft V\u00e0 B\u1ec7nh Nghi\u1ec7n R\u01b0\u1ee3u D\u01b0\u1edbi Ch\u1ebf \u0110\u1ed9 C\u1ed9ng S\u1ea3n<\/a><br>21:  <a href=\"https:\/\/www.facebook.com\/trantrungdao\/videos\/2354582277899078\/\">Suy Ngh\u0129 B\u00ean Qu\u1ea3ng Tr\u01b0\u1eddng Anh H\u00f9ng \u1ede Budapest<\/a> <\/p>\n\n\n\n<p>ANH CHI T\u00c2M TH\u1ee8C VI\u1ec6T<br><br>1. <a href=\"https:\/\/www.youtube.com\/watch?v=bF4IdbqtCAM&amp;t=41s\">Ch\u1ec9 C\u00f3 CS M\u1edbi L\u1eadt \u0110\u1ed5 \u0110\u01b0\u1ee3c CS?<\/a><br>2. <a href=\"https:\/\/www.youtube.com\/watch?v=W2PG3ng_2MQ\">D\u00f2ng T\u00e2m Th\u1ee9c Vi\u1ec7t<\/a><br>3. <a href=\"https:\/\/www.youtube.com\/watch?v=dKZjXZJ06c0\">T\u00d4 \u0110\u1ecaNH (n\u0103m 43) v\u00e0 NGUY\u1ec4N PH\u00da TR\u1eccNG (n\u0103m 2020)<\/a><br>4. <a href=\"https:\/\/www.youtube.com\/watch?v=mEjX6DxQxzc\">Tuy\u00ean Truy\u1ec1n \u0110\u1ee9c Qu\u1ed1c X\u00e3 &amp; Tuy\u00ean Truy\u1ec1n CS<br><\/a>5. <a href=\"https:\/\/www.youtube.com\/watch?v=T9sWIccymws\">Ai C\u00f3 Quy\u1ec1n Vi\u1ebft S\u1eed Vi\u1ec7t Nam?<\/a><br>6. <a href=\"https:\/\/www.youtube.com\/watch?v=PZOlc-VNOI4&amp;t=127s\">Xin \u0110\u1eebng B\u1eafn Sau L\u01b0ng<\/a><br>7. <a href=\"https:\/\/www.youtube.com\/watch?v=TuGwcVMIJqY\">B\u1ecbnh N\u1ed5 C\u1ee7a C\u00e1c L\u00e3nh \u0110\u1ea1o CS<\/a><br>8. <a href=\"https:\/\/www.youtube.com\/watch?v=S51yUmHBRJ0\">T\u00e1c D\u1ee5ng C\u1ee7a Chuy\u1ec7n C\u01b0\u1eddi Ch\u00ednh Tr\u1ecb Trong C\u00e1ch M\u1ea1ng D\u00e2n Ch\u1ee7 T\u1ea1i Nga<\/a><br>9. <a href=\"https:\/\/www.youtube.com\/watch?v=jtIcwD69mE8\">S\u00e1u L\u00fd Do Gi\u00fap CS T\u1ed3n T\u1ea1i<\/a><br>10. <a href=\"https:\/\/www.youtube.com\/watch?v=HbQDyqOtGO8\">Ng\u01b0\u1eddi M\u1ef9 B\u1ecf Phi\u1ebfu B\u1eb1ng G\u00ec?<\/a><br>11. <a href=\"https:\/\/www.youtube.com\/watch?v=nRdsLqAxDxM\">H\u00e3y N\u00f3i Tr\u01b0\u1edbc Ng\u00e0y Ch\u1ebft <\/a><br>12. <a href=\"https:\/\/www.youtube.com\/watch?v=U_Q3Z8yYNS4\">M\u1ed9t B\u00f3ng Ma \u0110ang \u00c1m \u1ea2nh Vi\u1ec7t Nam<\/a><br>13. <a href=\"https:\/\/www.youtube.com\/watch?v=JQZv6cIXV6Q\">Ba Th\u00e1ch Th\u1ee9c C\u1ee7a D\u00e2n T\u1ed9c Vi\u1ec7t <\/a><br>14. <a href=\"https:\/\/www.youtube.com\/watch?v=2VoBKTRWMoc\">T\u00e2m T\u00ecnh C\u00f9ng Tu\u1ed5i Tr\u1ebb Vi\u1ec7t Nam<\/a><br>15. <a href=\"https:\/\/www.youtube.com\/watch?v=9qAaygJWEa8\">\u0110\u1eb7ng Th\u00f9y Tr\u00e2m, \u01af\u1edbc M\u01a1 B\u1ecb Ph\u1ea3n B\u1ed9i <\/a><br>16.  <a href=\"https:\/\/www.youtube.com\/watch?v=l42eULCjgBQ\">Ph\u1ea3i ch\u0103ng ch\u1ec9 c\u00f3 \u0111\u1ea3ng CSVN m\u1edbi mang l\u1ea1i \u0111\u1ed9c l\u1eadp, t\u1ef1 do v\u00e0 h\u1ea1nh ph\u00fac?<\/a><br>17: <a href=\"https:\/\/www.youtube.com\/watch?v=8jvUGZ4Y_Dg\">M\u01af\u1edcI L\u00dd DO NG\u01af\u1edcI VI\u1ec6T CH\u1ed0NG TRUNG C\u1ed8NG<\/a><br>18: <a href=\"https:\/\/www.youtube.com\/watch?v=-ZrqXSZcNnk\">NH\u1eeeNG TUY\u00caN B\u1ed0 CU\u1ed0I C\u00d9NG POMPEO V\u1ec0 \u0110\u00c0I LOAN CH\u1ec8 NH\u1eb0M \u201c\u0110\u00c2M SAU L\u01afNG\u201d JOE BIDEN?<\/a><br>19: <a href=\"https:\/\/www.youtube.com\/watch?v=rz6tL3LhxJc\">Ho\u00e0ng Sa 19\/01\/1974, Mao v\u00e0 CSVN c\u00f3 vai tr\u00f2 g\u00ec?<\/a><a href=\"https:\/\/www.youtube.com\/watch?v=l42eULCjgBQ\"><br><\/a>20. <a href=\"https:\/\/www.youtube.com\/watch?v=ORA2sXhhDww\">Mike Pompeo, m\u1ed9t ch\u00ednh tr\u1ecb gia t\u1eadn t\u1ee5y<\/a><br>21. <a href=\"https:\/\/www.youtube.com\/watch?v=3MFiIlzYbX0\">BI\u1ec2N \u0110\u00d4NG, CHI\u1ebeN TRANH, CON \u0110\u01af\u1edcNG NG\u1eaeN NH\u1ea4T D\u1eaaN T\u1edaI H\u00d2A B\u00ccNH?<\/a><br>22. <a href=\"https:\/\/www.youtube.com\/watch?v=LcgzxuuK4ss\">C\u00c1C CHI\u1ebeN H\u1ea0M HOA K\u1ef2 \u2018FONOP\u2019 M\u1edaI TR\u00caN BI\u1ec2N \u0110\u00d4NG<\/a><br>23. <a href=\"https:\/\/youtu.be\/hmYM_fIJwak\">H\u00e3y d\u1ef1ng m\u1ed9t B\u1ea1ch \u0110\u1eb1ng tr\u00ean Bi\u1ec3n \u0110\u00f4ng<\/a><br>24: <a href=\"https:\/\/www.youtube.com\/watch?v=1AnoD4yZP5g\">Ch\u1ee7 ngh\u0129a d\u00e2n t\u1ed9c c\u1ef1c \u0111oan \u0110\u1ea1i H\u00e1n<\/a><br>24:<a href=\"https:\/\/www.youtube.com\/watch?v=AZNeXTYXR8Q\"> VNCH v\u00e0 VNCS, ai l\u00e0 l\u00ednh \u0111\u00e1nh thu\u00ea?<\/a><br>25: <a href=\"https:\/\/www.youtube.com\/watch?v=zt_Ze4Qo2RM\">Vai tr\u00f2 \u0110\u1eb7ng Ti\u1ec3u B\u00ecnh trong Chi\u1ebfn Tranh Bi\u00ean Gi\u1edbi 1979<\/a><br>26: <a href=\"https:\/\/www.youtube.com\/watch?v=5AaH9aqnfnE\">Ng\u00e0y 30 th\u00e1ng 4<\/a><br>27: <a href=\"https:\/\/www.youtube.com\/watch?v=hUV5xRtti_Y\">T\u00e2m L\u00fd Ph\u1ea3n Chi\u1ebfn<br><\/a><br><a href=\"https:\/\/www.youtube.com\/watch?v=JQZv6cIXV6Q\"><br><\/a><a href=\"https:\/\/www.youtube.com\/watch?v=U_Q3Z8yYNS4\"><br><\/a><br><br><br><a href=\"https:\/\/www.youtube.com\/watch?v=S51yUmHBRJ0\"><br><\/a><br><\/p>\n","protected":false},"excerpt":{"rendered":"<p>Video Ch\u00ednh Lu\u1eadn do Vinna Media Production th\u1ef1c hi\u1ec7nYOUTUBE: 1. H\u00e3y L\u00e0m M\u1ed9t Gi\u1ecdt N\u01b0\u1edbc 2: Suy Ngh\u0129 B\u00ean \u0110\u00e8n<\/p>\n","protected":false},"author":1,"featured_media":0,"parent":0,"menu_order":0,"comment_status":"closed","ping_status":"closed","template":"","meta":{"colormag_page_layout":"default_layout","footnotes":""},"class_list":["post-4843","page","type-page","status-publish","hentry"],"_links":{"self":[{"href":"https:\/\/www.trantrungdao.com\/index.php?rest_route=\/wp\/v2\/pages\/4843","targetHints":{"allow":["GET"]}}],"collection":[{"href":"https:\/\/www.trantrungdao.com\/index.php?rest_route=\/wp\/v2\/pages"}],"about":[{"href":"https:\/\/www.trantrungdao.com\/index.php?rest_route=\/wp\/v2\/types\/page"}],"author":[{"embeddable":true,"href":"https:\/\/www.trantrungdao.com\/index.php?rest_route=\/wp\/v2\/users\/1"}],"replies":[{"embeddable":true,"href":"https:\/\/www.trantrungdao.com\/index.php?rest_route=%2Fwp%2Fv2%2Fcomments&post=4843"}],"version-history":[{"count":20,"href":"https:\/\/www.trantrungdao.com\/index.php?rest_route=\/wp\/v2\/pages\/4843\/revisions"}],"predecessor-version":[{"id":5464,"href":"https:\/\/www.trantrungdao.com\/index.php?rest_route=\/wp\/v2\/pages\/4843\/revisions\/5464"}],"wp:attachment":[{"href":"https:\/\/www.trantrungdao.com\/index.php?rest_route=%2Fwp%2Fv2%2Fmedia&parent=4843"}],"curies":[{"name":"wp","href":"https:\/\/api.w.org\/{rel}","templated":true}]}}