{"id":4580,"date":"2020-01-21T15:08:41","date_gmt":"2020-01-21T20:08:41","guid":{"rendered":"http:\/\/www.trantrungdao.com\/?page_id=4580"},"modified":"2022-08-09T07:07:22","modified_gmt":"2022-08-09T12:07:22","slug":"su","status":"publish","type":"page","link":"https:\/\/www.trantrungdao.com\/?page_id=4580","title":{"rendered":"H\u1ecdc S\u1eed Vi\u1ec7t"},"content":{"rendered":"\n<div class=\"wp-block-image\"><figure class=\"aligncenter size-large is-resized\"><img loading=\"lazy\" decoding=\"async\" src=\"https:\/\/www.trantrungdao.com\/wp-content\/uploads\/2020\/01\/hungvuong-768x1024.jpg\" alt=\"\" class=\"wp-image-4651\" width=\"330\" height=\"440\" srcset=\"https:\/\/www.trantrungdao.com\/wp-content\/uploads\/2020\/01\/hungvuong-768x1024.jpg 768w, https:\/\/www.trantrungdao.com\/wp-content\/uploads\/2020\/01\/hungvuong-225x300.jpg 225w, https:\/\/www.trantrungdao.com\/wp-content\/uploads\/2020\/01\/hungvuong-1152x1536.jpg 1152w, https:\/\/www.trantrungdao.com\/wp-content\/uploads\/2020\/01\/hungvuong.jpg 1200w\" sizes=\"auto, (max-width: 330px) 100vw, 330px\" \/><figcaption>L\u0103ng H\u00f9ng V\u01b0\u01a1ng tr\u00ean \u0111\u1ec9nh n\u00fai Ngh\u0129a L\u0129nh, Huy\u1ec7n L\u00e2m Thao, T\u1ec9nh Ph\u00fa Th\u1ecd, Vi\u1ec7t Nam<br><\/figcaption><\/figure><\/div>\n\n\n\n<p>\u1ea4n b\u1ea3n \u0111i\u1ec7n t\u1eed c\u1ee7a c\u00e1c b\u1ed9 s\u1eed Vi\u1ec7t \u0111\u01b0\u1ee3c l\u01b0u tr\u1eef t\u1ea1i website c\u1ee7a Vi\u1ec7n Vi\u1ec7t H\u1ecdc, California. <br><br> 1. \u0110\u1ea1i Vi\u1ec7t S\u1eed K\u00fd To\u00e0n Th\u01b0  do nhi\u1ec1u s\u1eed gia nh\u00e0 Tr\u1ea7n v\u00e0 nh\u00e0 L\u00ea so\u1ea1n th\u1ea3o: <br> <a href=\"https:\/\/docs.google.com\/viewer?a=v&amp;pid=sites&amp;srcid=dmlldGhvYy5jb218d2VifGd4OjMzZjFiN2U3Nzc5ZTExYzQ\">\u0110\u1ea1i Vi\u1ec7t S\u1eed K\u00fd To\u00e0n Th\u01b0<\/a> <br><br>2. \u0110\u1ea1i Vi\u1ec7t Th\u00f4ng S\u1eed  do L\u00ea Qu\u00fd \u0110\u00f4n so\u1ea1n th\u1ea3o v\u00e0o n\u0103m 1759. L\u00ea M\u1ea1nh Li\u00eau d\u1ecbch sang ch\u1eef Qu\u1ed1c Ng\u1eef v\u00e0o n\u0103m 1973:<br> <a href=\"https:\/\/docs.google.com\/viewer?a=v&amp;pid=sites&amp;srcid=dmlldGhvYy5jb218d2VifGd4OjZkMzNiOWIwMjgwNmZiMTQ\">\u0110\u1ea1i Vi\u1ec7t Th\u00f4ng S\u1eed <\/a><\/p>\n\n\n\n<p> 3. Kh\u00e2m \u0110\u1ecbnh Vi\u1ec7t S\u1eed Th\u00f4ng Gi\u00e1m C\u01b0\u01a1ng M\u1ee5c  do Qu\u1ed1c S\u1eed Qu\u00e1n Tri\u1ec1u Nguy\u1ec5n so\u1ea1n th\u1ea3o kho\u1ea3ng n\u0103m 1856-1881 <br> <a rel=\"noreferrer noopener\" aria-label=\" (opens in a new tab)\" href=\"https:\/\/2414f8b3-a-450799a9-s-sites.googlegroups.com\/a\/viethoc.com\/web\/viet-hoc-thu-quan-1\/ho-so-van-ban-dhien-tu\/Kh%C3%A2m%C4%90%E1%BB%8BnhVi%E1%BB%87tS%E1%BB%ADTh%C3%B4ngGi%C3%A1mC%C6%B0%C6%A1ngM%E1%BB%A5c.pdf?attachauth=ANoY7crwnAaf_fQIVh6ESv5Lu80EaQvKQkpRszOKr93pPqJAX2q2LJdiDYyx1WYp2az3aN0W2-Btcn1JJMgNPi1U74yf8c_5iU8YhgH3ehtotuxF-LX5y7T920FNYs6VOMtMEAWtSB2m7gdXYnwZVxvoRj5Ji7cTuHufX29BFmDhw8YQ7adyuKGN5cClHG9rRag03K8s5BSO1zvhjE8NOF12tiKhQBhqIEItcpQ7yoQ1F45e8HUhhoXA7Obv1rQGG_ERFD-lEAtEd0q0DxxtNgmskWODDYBW4NTZP1KPmULay2_KGZP7LfkK-48vP00rkEGKTBT33Bh-XgcwxDSoSudVWvnart8Eq4cDMumTEAmF4zku4ID5MQQruhOtcZ0aNwDeqoFC1SJF&amp;attredirects=0\" target=\"_blank\">Kh\u00e2m \u0110\u1ecbnh Vi\u1ec7t S\u1eed Th\u00f4ng Gi\u00e1m C\u01b0\u01a1ng M\u1ee5c<\/a>  <br><br>4. Vi\u1ec7t Nam S\u1eed L\u01b0\u1ee3c  do h\u1ecdc gi\u1ea3 Tr\u1ea7n Tr\u1ecdng Kim so\u1ea1n th\u1ea3o v\u00e0o n\u0103m 1919:  <br><a href=\"https:\/\/docs.google.com\/viewer?a=v&amp;pid=sites&amp;srcid=dmlldGhvYy5jb218d2VifGd4OjRmYzI5ZTk4YzBjYmM1NmY\">Vi\u1ec7t Nam S\u1eed L\u01b0\u1ee3c<\/a><br><br>5. Vi\u1ec7t S\u1eed To\u00e0n Th\u01b0  do s\u1eed gia Ph\u1ea1m V\u0103n S\u01a1n so\u1ea1n th\u1ea3o v\u00e0o n\u0103m 1960.<br><a href=\"https:\/\/docs.google.com\/viewer?a=v&amp;pid=sites&amp;srcid=dmlldGhvYy5jb218d2VifGd4OjQxYWY2Mzk5NjE3N2JjZmI\">Vi\u1ec7t S\u1eed To\u00e0n Th\u01b0 <\/a><br><br>6. Vi\u1ec7t S\u1eed Ti\u00eau \u00c1n  do Ng\u00f4 Th\u1eddi S\u1ef9 so\u1ea1n th\u1ea3o v\u00e0o n\u0103m 1775.<br><a href=\"https:\/\/docs.google.com\/viewer?a=v&amp;pid=sites&amp;srcid=dmlldGhvYy5jb218d2VifGd4OjI1MDU1NThlZDhjYzgzMjc\">Vi\u1ec7t S\u1eed Ti\u00eau \u00c1n<\/a><br><br>7. Lam S\u01a1n Th\u1ef1c L\u1ee5c do Nguy\u1ec5n Tr\u00e3i so\u1ea1n th\u1ea3o, L\u00ea L\u1ee3i \u0111\u1ec1 t\u1ef1a v\u00e0o th\u1ebf k\u1ef7 15.  <br><a href=\"https:\/\/docs.google.com\/viewer?a=v&amp;pid=sites&amp;srcid=dmlldGhvYy5jb218d2VifGd4OjM1OTBlNzY4ZjdkYzdmOWU\">Lam S\u01a1n Th\u1ef1c L\u1ee5c<\/a> <br><br>8. An Nam Ch\u00ed L\u01b0\u1ee3c c\u1ee7a L\u00ea T\u1eafc do \u1ee6y Ban Phi\u00ean D\u1ecbch S\u1eed Li\u1ec7u Vi\u1ec7t Nam, thu\u1ed9c V\u0110H Hu\u1ebf d\u1ecbch 1961<br><a href=\"https:\/\/quangduc.com\/images\/file\/Dujm8bck0AgQAJIu\/annam-chiluoc.pdf\">An Nam Ch\u00ed L\u01b0\u1ee3c<\/a><\/p>\n\n\n\n<p>9. <a href=\"https:\/\/www.trantrungdao.com\/?page_id=3092\">Vi\u1ec7t S\u1eed T\u00e2n Bi\u00ean<\/a> (7 cu\u1ed1n), Ph\u1ea1m V\u0103n S\u01a1n <br><br><br><\/p>\n\n\n\n\n\n<p><strong>T\u00e1c ph\u1ea9m li\u00ean quan \u0111\u1ebfn s\u1eed<\/strong><\/p>\n\n\n\n<ul class=\"wp-block-list\"><li><a href=\"https:\/\/www.tusachtiengviet.com\/images\/file\/ZL5cnFmu1QgQANZE\/ben-giong-lich-su.pdf\">B\u00ean Gi\u00f2ng L\u1ecbch S\u1eed, LM Cao V\u0103n Lu\u1eadn<\/a><\/li><li><a href=\"https:\/\/tusachtiengviet.com\/images\/file\/73RYtsUW1ggQAAoD\/mot-con-gio-bui.pdf\">M\u1ed9t C\u01a1n Gi\u00f3 B\u1ee5i, s\u1eed gia Tr\u1ea7n Tr\u1ecdng Kim<\/a><\/li><li><a href=\"https:\/\/tusachtiengviet.com\/images\/file\/Qd1rgPDX1QgQAENU\/tran-quy-cap.pdf\">Tr\u1ea7n Qu\u00ed C\u00e1p, Lam Giang<\/a><\/li><li><a href=\"https:\/\/tusachtiengviet.com\/p107a714\/6\/lich-su-noi-chien-o-viet-nam-tu-1771-den-1802\">L\u1ecbch S\u1eed N\u1ed9i Chi\u1ebfn \u1ede Vi\u1ec7t Nam t\u1eeb 1771 \u0111\u1ebfn 180<\/a>2, T\u1ea1 Ch\u00ed \u0110\u1ea1i Tr\u01b0\u1eddng<\/li><\/ul>\n\n\n\n<p><br><\/p>\n\n\n\n<p><a href=\"http:\/\/www.viethoc.com\/viet-hoc-thu-quan-1\/ho-so-van-ban-dhien-tu\"><br><\/a><\/p>\n","protected":false},"excerpt":{"rendered":"<p>\u1ea4n b\u1ea3n \u0111i\u1ec7n t\u1eed c\u1ee7a c\u00e1c b\u1ed9 s\u1eed Vi\u1ec7t \u0111\u01b0\u1ee3c l\u01b0u tr\u1eef t\u1ea1i website c\u1ee7a Vi\u1ec7n Vi\u1ec7t H\u1ecdc, California. 1.<\/p>\n","protected":false},"author":1,"featured_media":0,"parent":0,"menu_order":0,"comment_status":"closed","ping_status":"closed","template":"","meta":{"colormag_page_layout":"default_layout","footnotes":""},"class_list":["post-4580","page","type-page","status-publish","hentry"],"_links":{"self":[{"href":"https:\/\/www.trantrungdao.com\/index.php?rest_route=\/wp\/v2\/pages\/4580","targetHints":{"allow":["GET"]}}],"collection":[{"href":"https:\/\/www.trantrungdao.com\/index.php?rest_route=\/wp\/v2\/pages"}],"about":[{"href":"https:\/\/www.trantrungdao.com\/index.php?rest_route=\/wp\/v2\/types\/page"}],"author":[{"embeddable":true,"href":"https:\/\/www.trantrungdao.com\/index.php?rest_route=\/wp\/v2\/users\/1"}],"replies":[{"embeddable":true,"href":"https:\/\/www.trantrungdao.com\/index.php?rest_route=%2Fwp%2Fv2%2Fcomments&post=4580"}],"version-history":[{"count":25,"href":"https:\/\/www.trantrungdao.com\/index.php?rest_route=\/wp\/v2\/pages\/4580\/revisions"}],"predecessor-version":[{"id":5903,"href":"https:\/\/www.trantrungdao.com\/index.php?rest_route=\/wp\/v2\/pages\/4580\/revisions\/5903"}],"wp:attachment":[{"href":"https:\/\/www.trantrungdao.com\/index.php?rest_route=%2Fwp%2Fv2%2Fmedia&parent=4580"}],"curies":[{"name":"wp","href":"https:\/\/api.w.org\/{rel}","templated":true}]}}